{"id":4444,"date":"2024-03-26T09:03:51","date_gmt":"2024-03-26T08:03:51","guid":{"rendered":"https:\/\/tuk-anmeldungen.procampus.de\/?page_id=4444"},"modified":"2024-03-27T10:43:12","modified_gmt":"2024-03-27T09:43:12","slug":"erdbebensicheres-bauen-2024","status":"publish","type":"page","link":"https:\/\/tuk-anmeldungen.procampus.de\/de\/erdbebensicheres-bauen-2024\/","title":{"rendered":"Erdbebensicheres Bauen 2024"},"content":{"rendered":"<div class=\"wpb-content-wrapper\"><p>[vc_row][vc_column][vc_single_image image=&#8221;4451&#8243; img_size=&#8221;full&#8221;][\/vc_column][\/vc_row][vc_row][vc_column][vc_separator][\/vc_column][\/vc_row][vc_row][vc_column]\n<div class=\"wpcf7 no-js\" id=\"wpcf7-f4443-o1\" lang=\"de-DE\" dir=\"ltr\">\n<div class=\"screen-reader-response\"><p role=\"status\" aria-live=\"polite\" aria-atomic=\"true\"><\/p> <ul><\/ul><\/div>\n<form action=\"\/de\/wp-json\/wp\/v2\/pages\/4444#wpcf7-f4443-o1\" method=\"post\" class=\"wpcf7-form init\" aria-label=\"Kontaktformular\" novalidate=\"novalidate\" data-status=\"init\">\n<div style=\"display: none;\">\n<input type=\"hidden\" name=\"_wpcf7\" value=\"4443\" \/>\n<input type=\"hidden\" name=\"_wpcf7_version\" value=\"5.9.3\" \/>\n<input type=\"hidden\" name=\"_wpcf7_locale\" value=\"de_DE\" \/>\n<input type=\"hidden\" name=\"_wpcf7_unit_tag\" value=\"wpcf7-f4443-o1\" \/>\n<input type=\"hidden\" name=\"_wpcf7_container_post\" value=\"0\" \/>\n<input type=\"hidden\" name=\"_wpcf7_posted_data_hash\" value=\"\" \/>\n<\/div>\n<style type = \"text\/css\"> \nspan.wpcf7-list-item { display: table-row; }\nspan.wpcf7-list-item * { display: table-cell; }\nspan.wpcf7-list-item-label::before, span.wpcf7-list-item-label::after {\nmargin-left: 5px;}\n}\n<\/style>\n<p><label> Name* <\/label><br \/>\n<span class=\"wpcf7-form-control-wrap\" data-name=\"Name\"><input size=\"40\" class=\"wpcf7-form-control wpcf7-text wpcf7-validates-as-required\" aria-required=\"true\" aria-invalid=\"false\" placeholder=\"Mustermann\" value=\"\" type=\"text\" name=\"Name\" \/><\/span>\n<\/p>\n<p><label> Vorname* <\/label><br \/>\n<span class=\"wpcf7-form-control-wrap\" data-name=\"Vorname\"><input size=\"40\" class=\"wpcf7-form-control wpcf7-text wpcf7-validates-as-required\" aria-required=\"true\" aria-invalid=\"false\" placeholder=\"Max\" value=\"\" type=\"text\" name=\"Vorname\" \/><\/span>\n<\/p>\n<p><label> E-Mail* <\/label><br \/>\n<span class=\"wpcf7-form-control-wrap\" data-name=\"E-Mail\"><input size=\"40\" class=\"wpcf7-form-control wpcf7-email wpcf7-validates-as-required wpcf7-text wpcf7-validates-as-email\" aria-required=\"true\" aria-invalid=\"false\" placeholder=\"mustermann@web.de\" value=\"\" type=\"email\" name=\"E-Mail\" \/><\/span>\n<\/p>\n<p><label> Institution* <\/label><br \/>\n<span class=\"wpcf7-form-control-wrap\" data-name=\"Institution\"><input size=\"40\" class=\"wpcf7-form-control wpcf7-text wpcf7-validates-as-required\" aria-required=\"true\" aria-invalid=\"false\" placeholder=\"TU Musterstadt\" value=\"\" type=\"text\" name=\"Institution\" \/><\/span>\n<\/p>\n<p><label> Mitglied im DGEB* <\/label><br \/>\n<span class=\"wpcf7-form-control-wrap\" data-name=\"DGEB\"><span class=\"wpcf7-form-control wpcf7-checkbox wpcf7-validates-as-required\"><span class=\"wpcf7-list-item first\"><input type=\"checkbox\" name=\"DGEB[]\" value=\"ja\" \/><span class=\"wpcf7-list-item-label\">ja<\/span><\/span><span class=\"wpcf7-list-item last\"><input type=\"checkbox\" name=\"DGEB[]\" value=\"nein\" \/><span class=\"wpcf7-list-item-label\">nein<\/span><\/span><\/span><\/span>\n<\/p>\n<p><label> DGEB-Mitgliedsnummer <\/label><br \/>\n<span class=\"wpcf7-form-control-wrap\" data-name=\"DGEB_Nr\"><input size=\"40\" class=\"wpcf7-form-control wpcf7-text\" aria-invalid=\"false\" placeholder=\"76890\" value=\"\" type=\"text\" name=\"DGEB_Nr\" \/><\/span>\n<\/p>\n<p><label> Essenspr\u00e4ferenzen (Ern\u00e4hrung)* <\/label><br \/>\n<span class=\"wpcf7-form-control-wrap\" data-name=\"Ernaehrung\"><span class=\"wpcf7-form-control wpcf7-checkbox wpcf7-validates-as-required wpcf7-exclusive-checkbox\"><span class=\"wpcf7-list-item first\"><input type=\"checkbox\" name=\"Ernaehrung\" value=\"Omnivor\" \/><span class=\"wpcf7-list-item-label\">Omnivor<\/span><\/span><span class=\"wpcf7-list-item\"><input type=\"checkbox\" name=\"Ernaehrung\" value=\"Vegan\" \/><span class=\"wpcf7-list-item-label\">Vegan<\/span><\/span><span class=\"wpcf7-list-item last\"><input type=\"checkbox\" name=\"Ernaehrung\" value=\"Vegetarisch\" \/><span class=\"wpcf7-list-item-label\">Vegetarisch<\/span><\/span><\/span><\/span>\n<\/p>\n<p><br class=\"br\" \/>\n<\/p>\n<p><label> <span class=\"wpcf7-form-control-wrap\" data-name=\"FotoFilmStreaming\"><span class=\"wpcf7-form-control wpcf7-acceptance\"><span class=\"wpcf7-list-item\"><input type=\"checkbox\" name=\"FotoFilmStreaming\" value=\"1\" aria-invalid=\"false\" \/><\/span><\/span><\/span> Ich erkl\u00e4re mich damit einverstanden, dass w\u00e4hrend der Veranstaltung Foto- und Filmaufnahmen gemacht werden. Das Foto- und Filmmaterial wird von der Universit\u00e4t zu Zwecken der \u00d6ffentlichkeitsarbeit, z.B. zur Ver\u00f6ffentlichung in Printmedien, im Internet oder den sozialen Medien verwendet und gespeichert.*<\/label>\n<\/p>\n<p><label><span class=\"wpcf7-form-control-wrap\" data-name=\"Zustimmung\"><span class=\"wpcf7-form-control wpcf7-acceptance\"><span class=\"wpcf7-list-item\"><input type=\"checkbox\" name=\"Zustimmung\" value=\"1\" aria-invalid=\"false\" \/><\/span><\/span><\/span> Ich habe die <a href=\"https:\/\/tuk-anmeldungen.procampus.de\/de\/datenschutz\/\">Datenschutzerkl\u00e4rung<\/a> zur Kenntnis genommen und akzeptiert. Ich stimme zu, dass meine Formularangaben zur Kontaktaufnahme bzw. zur Bearbeitung meines Anliegens gespeichert werden.*<\/label>\n<\/p>\n<p><br class=\"br\" \/>\n<\/p>\n<p><input class=\"wpcf7-form-control wpcf7-submit has-spinner\" type=\"submit\" value=\"Senden\" \/>\n<\/p>\n<p><br class=\"br\" \/>\n<\/p>\n<p>*Pflichtfelder\n<\/p><div class=\"wpcf7-response-output\" aria-hidden=\"true\"><\/div>\n<\/form>\n<\/div>\n[\/vc_column][\/vc_row]<\/p>\r\n<\/div>","protected":false},"excerpt":{"rendered":"<p>[vc_row][vc_column][vc_single_image image=&#8221;4451&#8243; img_size=&#8221;full&#8221;][\/vc_column][\/vc_row][vc_row][vc_column][vc_separator][\/vc_column][\/vc_row][vc_row][vc_column][\/vc_column][\/vc_row]<\/p>\n","protected":false},"author":11,"featured_media":0,"parent":0,"menu_order":0,"comment_status":"closed","ping_status":"closed","template":"","meta":{"_acf_changed":false,"footnotes":""},"acf":[],"publishpress_future_action":{"enabled":false,"date":"2026-05-10 09:19:26","action":"change-status","newStatus":"draft","terms":[],"taxonomy":"translation_priority"},"_links":{"self":[{"href":"https:\/\/tuk-anmeldungen.procampus.de\/de\/wp-json\/wp\/v2\/pages\/4444"}],"collection":[{"href":"https:\/\/tuk-anmeldungen.procampus.de\/de\/wp-json\/wp\/v2\/pages"}],"about":[{"href":"https:\/\/tuk-anmeldungen.procampus.de\/de\/wp-json\/wp\/v2\/types\/page"}],"author":[{"embeddable":true,"href":"https:\/\/tuk-anmeldungen.procampus.de\/de\/wp-json\/wp\/v2\/users\/11"}],"replies":[{"embeddable":true,"href":"https:\/\/tuk-anmeldungen.procampus.de\/de\/wp-json\/wp\/v2\/comments?post=4444"}],"version-history":[{"count":3,"href":"https:\/\/tuk-anmeldungen.procampus.de\/de\/wp-json\/wp\/v2\/pages\/4444\/revisions"}],"predecessor-version":[{"id":4453,"href":"https:\/\/tuk-anmeldungen.procampus.de\/de\/wp-json\/wp\/v2\/pages\/4444\/revisions\/4453"}],"wp:attachment":[{"href":"https:\/\/tuk-anmeldungen.procampus.de\/de\/wp-json\/wp\/v2\/media?parent=4444"}],"curies":[{"name":"wp","href":"https:\/\/api.w.org\/{rel}","templated":true}]}}