{"id":3069,"date":"2022-06-08T12:53:04","date_gmt":"2022-06-08T10:53:04","guid":{"rendered":"https:\/\/tuk-anmeldungen.procampus.de\/?page_id=3069\/"},"modified":"2022-07-18T14:31:34","modified_gmt":"2022-07-18T12:31:34","slug":"heute-morgen-uebermorgen-digitale-zukunft-mit-dir-pfalz","status":"publish","type":"page","link":"https:\/\/tuk-anmeldungen.procampus.de\/de\/heute-morgen-uebermorgen-digitale-zukunft-mit-dir-pfalz\/","title":{"rendered":"Heute. Morgen. \u00dcbermorgen. \u2013 Digitale Zukunft mit Dir!"},"content":{"rendered":"<div class=\"wpb-content-wrapper\">[vc_row][vc_column][vc_single_image image=&#8221;3067&#8243; img_size=&#8221;full&#8221; alignment=&#8221;center&#8221;][\/vc_column][\/vc_row][vc_row][vc_column][vc_column_text]<strong>Wir freuen uns \u00fcber das gro\u00dfe Interesse und die zahlreichen Anmeldungen, die uns erreicht haben! <\/strong>\r\n\r\n<strong>Leider ist eine Anmeldung nicht mehr m\u00f6glich.<\/strong>\r\n\r\n<strong>\u00a0<\/strong>\r\n\r\n<strong>Auf <a href=\"https:\/\/www.offenedigitalisierungsallianzpfalz.de\/heute-morgen-uebermorgen-digitale-zukunft-mit-dir\/\">https:\/\/www.offenedigitalisierungsallianzpfalz.de\/heute-morgen-uebermorgen-digitale-zukunft-mit-dir\/<\/a> k\u00f6nnen Sie sich \u00fcber weitere Veranstaltungen der Veranstaltungsreihe Heute. Morgen. \u00dcbermorgen. \u2013 Digitale Zukunft mit Dir! informieren.<\/strong>[\/vc_column_text][\/vc_column][\/vc_row][vc_row][vc_column][\/vc_column][\/vc_row]<\/div>","protected":false},"excerpt":{"rendered":"<p>[vc_row][vc_column][vc_single_image image=&#8221;3067&#8243; img_size=&#8221;full&#8221; alignment=&#8221;center&#8221;][\/vc_column][\/vc_row][vc_row][vc_column][vc_column_text]Wir freuen uns \u00fcber das gro\u00dfe Interesse und die zahlreichen Anmeldungen, die uns erreicht haben! Leider ist eine Anmeldung nicht mehr m\u00f6glich. \u00a0 Auf https:\/\/www.offenedigitalisierungsallianzpfalz.de\/heute-morgen-uebermorgen-digitale-zukunft-mit-dir\/ k\u00f6nnen Sie sich \u00fcber weitere Veranstaltungen der Veranstaltungsreihe Heute. Morgen. \u00dcbermorgen. \u2013 Digitale Zukunft mit Dir! informieren.[\/vc_column_text][\/vc_column][\/vc_row][vc_row][vc_column][\/vc_column][\/vc_row]<\/p>\n","protected":false},"author":7,"featured_media":0,"parent":0,"menu_order":0,"comment_status":"closed","ping_status":"closed","template":"","meta":{"_acf_changed":false,"footnotes":""},"acf":[],"publishpress_future_action":{"enabled":false,"date":"2026-04-12 04:58:24","action":"change-status","newStatus":"draft","terms":[],"taxonomy":"translation_priority"},"_links":{"self":[{"href":"https:\/\/tuk-anmeldungen.procampus.de\/de\/wp-json\/wp\/v2\/pages\/3069"}],"collection":[{"href":"https:\/\/tuk-anmeldungen.procampus.de\/de\/wp-json\/wp\/v2\/pages"}],"about":[{"href":"https:\/\/tuk-anmeldungen.procampus.de\/de\/wp-json\/wp\/v2\/types\/page"}],"author":[{"embeddable":true,"href":"https:\/\/tuk-anmeldungen.procampus.de\/de\/wp-json\/wp\/v2\/users\/7"}],"replies":[{"embeddable":true,"href":"https:\/\/tuk-anmeldungen.procampus.de\/de\/wp-json\/wp\/v2\/comments?post=3069"}],"version-history":[{"count":13,"href":"https:\/\/tuk-anmeldungen.procampus.de\/de\/wp-json\/wp\/v2\/pages\/3069\/revisions"}],"predecessor-version":[{"id":3158,"href":"https:\/\/tuk-anmeldungen.procampus.de\/de\/wp-json\/wp\/v2\/pages\/3069\/revisions\/3158"}],"wp:attachment":[{"href":"https:\/\/tuk-anmeldungen.procampus.de\/de\/wp-json\/wp\/v2\/media?parent=3069"}],"curies":[{"name":"wp","href":"https:\/\/api.w.org\/{rel}","templated":true}]}}